{"id":1243,"date":"2025-05-02T15:44:46","date_gmt":"2025-05-02T22:44:46","guid":{"rendered":"https:\/\/corazonfinancial.com\/?page_id=1243"},"modified":"2025-05-05T13:50:52","modified_gmt":"2025-05-05T20:50:52","slug":"online-calendar-appointment-booking","status":"publish","type":"page","link":"https:\/\/corazonfinancial.com\/espanol\/online-calendar-appointment-booking\/","title":{"rendered":"ONLINE CALENDAR &amp; APPOINTMENT BOOKING"},"content":{"rendered":"<div data-elementor-type=\"wp-page\" data-elementor-id=\"1243\" class=\"elementor elementor-1243\" data-elementor-post-type=\"page\">\n\t\t\t\t<div class=\"elementor-element elementor-element-9769fb8 e-flex e-con-boxed e-con e-parent\" data-id=\"9769fb8\" data-element_type=\"container\" data-e-type=\"container\" data-settings=\"{&quot;background_background&quot;:&quot;classic&quot;,&quot;ekit_has_onepagescroll_dot&quot;:&quot;yes&quot;}\">\n\t\t\t\t\t<div class=\"e-con-inner\">\n\t\t\t\t<div class=\"elementor-element elementor-element-3085289 elementor-widget elementor-widget-heading\" data-id=\"3085289\" data-element_type=\"widget\" data-e-type=\"widget\" data-settings=\"{&quot;ekit_we_effect_on&quot;:&quot;none&quot;}\" data-widget_type=\"heading.default\">\n\t\t\t\t<div class=\"elementor-widget-container\">\n\t\t\t\t\t<h2 class=\"elementor-heading-title elementor-size-default\">Calendario y reserva de citas en l\u00ednea<\/h2>\t\t\t\t<\/div>\n\t\t\t\t<\/div>\n\t\t\t\t<div class=\"elementor-element elementor-element-fd99ceb elementor-widget elementor-widget-heading\" data-id=\"fd99ceb\" data-element_type=\"widget\" data-e-type=\"widget\" data-settings=\"{&quot;ekit_we_effect_on&quot;:&quot;none&quot;}\" data-widget_type=\"heading.default\">\n\t\t\t\t<div class=\"elementor-widget-container\">\n\t\t\t\t\t<h2 class=\"elementor-heading-title elementor-size-default\">Conozca m\u00e1s clientes potenciales y venda m\u00e1s, sin idas y venidas\n\nSu tiempo es valioso y la b\u00fasqueda de citas no deber\u00eda formar parte de su rutina diaria.\n\nCon el sistema de calendario en l\u00ednea integrado de Corazon CRM, tus clientes potenciales pueden reservar tiempo contigo al instante, liber\u00e1ndote para centrarte en lo que m\u00e1s importa: cerrar ventas y atender a los clientes.<\/h2>\t\t\t\t<\/div>\n\t\t\t\t<\/div>\n\t\t\t\t\t<\/div>\n\t\t\t\t<\/div>\n\t\t\t\t<section class=\"elementor-section elementor-top-section elementor-element elementor-element-540b348f elementor-section-boxed elementor-section-height-default elementor-section-height-default\" data-id=\"540b348f\" data-element_type=\"section\" data-e-type=\"section\" data-settings=\"{&quot;background_background&quot;:&quot;classic&quot;,&quot;ekit_has_onepagescroll_dot&quot;:&quot;yes&quot;}\">\n\t\t\t\t\t\t\t<div class=\"elementor-background-overlay\"><\/div>\n\t\t\t\t\t\t\t<div class=\"elementor-container elementor-column-gap-default\">\n\t\t\t\t\t<div class=\"elementor-column elementor-col-100 elementor-top-column elementor-element elementor-element-5e95a392\" data-id=\"5e95a392\" data-element_type=\"column\" data-e-type=\"column\">\n\t\t\t<div class=\"elementor-widget-wrap elementor-element-populated\">\n\t\t\t\t\t\t<div class=\"elementor-element elementor-element-2741f7f3 elementor-widget__width-initial elementor-absolute elementor-widget-tablet__width-initial elementor-hidden-mobile elementor-widget elementor-widget-image\" data-id=\"2741f7f3\" data-element_type=\"widget\" data-e-type=\"widget\" data-settings=\"{&quot;_position&quot;:&quot;absolute&quot;,&quot;ekit_we_effect_on&quot;:&quot;none&quot;}\" data-widget_type=\"image.default\">\n\t\t\t\t<div class=\"elementor-widget-container\">\n\t\t\t\t\t\t\t\t\t\t\t\t\t\t\t<img decoding=\"async\" width=\"352\" height=\"24\" src=\"https:\/\/corazonfinancial.com\/wp-content\/uploads\/2025\/05\/Picture4.png\" class=\"attachment-large size-large wp-image-1138\" alt=\"\" srcset=\"https:\/\/corazonfinancial.com\/wp-content\/uploads\/2025\/05\/Picture4.png 352w, https:\/\/corazonfinancial.com\/wp-content\/uploads\/2025\/05\/Picture4-300x20.png 300w\" sizes=\"(max-width: 352px) 100vw, 352px\" \/>\t\t\t\t\t\t\t\t\t\t\t\t\t\t\t<\/div>\n\t\t\t\t<\/div>\n\t\t\t\t<div class=\"elementor-element elementor-element-77718225 elementor-widget__width-initial elementor-widget-tablet__width-initial elementor-widget elementor-widget-heading\" data-id=\"77718225\" data-element_type=\"widget\" data-e-type=\"widget\" data-settings=\"{&quot;ekit_we_effect_on&quot;:&quot;none&quot;}\" data-widget_type=\"heading.default\">\n\t\t\t\t<div class=\"elementor-widget-container\">\n\t\t\t\t\t<h2 class=\"elementor-heading-title elementor-size-default\">Reserve sin mover un dedo\n\n<\/h2>\t\t\t\t<\/div>\n\t\t\t\t<\/div>\n\t\t\t\t<div class=\"elementor-element elementor-element-aa44147 elementor-widget elementor-widget-text-editor\" data-id=\"aa44147\" data-element_type=\"widget\" data-e-type=\"widget\" data-settings=\"{&quot;ekit_we_effect_on&quot;:&quot;none&quot;}\" data-widget_type=\"text-editor.default\">\n\t\t\t\t<div class=\"elementor-widget-container\">\n\t\t\t\t\t\t\t\t\tOlv\u00eddese de los correos electr\u00f3nicos, las etiquetas telef\u00f3nicas y el caos de la programaci\u00f3n. Nuestro sistema de calendario inteligente permite a clientes potenciales y clientes ver su disponibilidad y reservar citas directamente desde su sitio web, p\u00e1ginas de destino, embudos, o incluso un mensaje de texto.\n<br><br>\nTanto si ofrece llamadas de descubrimiento, consultas, citas de servicio o sesiones de estrategia, nuestra plataforma le ofrece un control total sobre su tiempo. Establezca su horario, bloquee d\u00edas y personalice las reglas de reserva para adaptarlas a su agenda. En el momento en que alguien reserva, su calendario se actualiza en tiempo real - y s\u00ed, tambi\u00e9n se sincroniza con Google y Outlook.\n<br><br>\nCon confirmaciones instant\u00e1neas y recordatorios de seguimiento automatizados, reducir\u00e1 las ausencias, aumentar\u00e1 su tasa de reservas y dar\u00e1 una imagen m\u00e1s profesional en cada interacci\u00f3n.\n\n\t\t\t\t\t\t\t\t<\/div>\n\t\t\t\t<\/div>\n\t\t<div class=\"elementor-element elementor-element-04f9a04 e-grid e-con-boxed e-con e-parent\" data-id=\"04f9a04\" data-element_type=\"container\" data-e-type=\"container\" data-settings=\"{&quot;ekit_has_onepagescroll_dot&quot;:&quot;yes&quot;}\">\n\t\t\t\t\t<div class=\"e-con-inner\">\n\t\t\t\t<div class=\"elementor-element elementor-element-74b822f elementor-widget elementor-widget-image\" data-id=\"74b822f\" data-element_type=\"widget\" data-e-type=\"widget\" data-settings=\"{&quot;ekit_we_effect_on&quot;:&quot;none&quot;}\" data-widget_type=\"image.default\">\n\t\t\t\t<div class=\"elementor-widget-container\">\n\t\t\t\t\t\t\t\t\t\t\t\t\t\t\t<img fetchpriority=\"high\" decoding=\"async\" width=\"779\" height=\"859\" src=\"https:\/\/corazonfinancial.com\/wp-content\/uploads\/2025\/05\/calendars-1.png\" class=\"attachment-large size-large wp-image-1180\" alt=\"\" srcset=\"https:\/\/corazonfinancial.com\/wp-content\/uploads\/2025\/05\/calendars-1.png 779w, https:\/\/corazonfinancial.com\/wp-content\/uploads\/2025\/05\/calendars-1-272x300.png 272w, https:\/\/corazonfinancial.com\/wp-content\/uploads\/2025\/05\/calendars-1-768x847.png 768w\" sizes=\"(max-width: 779px) 100vw, 779px\" \/>\t\t\t\t\t\t\t\t\t\t\t\t\t\t\t<\/div>\n\t\t\t\t<\/div>\n\t\t<div class=\"elementor-element elementor-element-52e8328 e-con-full e-flex e-con e-child\" data-id=\"52e8328\" data-element_type=\"container\" data-e-type=\"container\" data-settings=\"{&quot;ekit_has_onepagescroll_dot&quot;:&quot;yes&quot;}\">\n\t\t\t\t<div class=\"elementor-element elementor-element-0abe59d elementor-widget__width-initial elementor-widget-tablet__width-initial elementor-widget elementor-widget-heading\" data-id=\"0abe59d\" data-element_type=\"widget\" data-e-type=\"widget\" data-settings=\"{&quot;ekit_we_effect_on&quot;:&quot;none&quot;}\" data-widget_type=\"heading.default\">\n\t\t\t\t<div class=\"elementor-widget-container\">\n\t\t\t\t\t<h2 class=\"elementor-heading-title elementor-size-default\">Simplifique la programaci\u00f3n y venda m\u00e1s\n<\/h2>\t\t\t\t<\/div>\n\t\t\t\t<\/div>\n\t\t\t\t<div class=\"elementor-element elementor-element-bd4f6cf elementor-widget elementor-widget-text-editor\" data-id=\"bd4f6cf\" data-element_type=\"widget\" data-e-type=\"widget\" data-settings=\"{&quot;ekit_we_effect_on&quot;:&quot;none&quot;}\" data-widget_type=\"text-editor.default\">\n\t\t\t\t<div class=\"elementor-widget-container\">\n\t\t\t\t\t\t\t\t\t<p>Cuanto m\u00e1s f\u00e1cil sea reservar una cita contigo, m\u00e1s citas conseguir\u00e1s, y punto. Con la funci\u00f3n de calendario de autoprogramaci\u00f3n de Corazon CRM, los clientes potenciales pueden reservar una cita en cuesti\u00f3n de segundos, directamente desde su tel\u00e9fono o escritorio.<br \/><br \/><br \/>Una vez realizada la reserva, el sistema puede enviar autom\u00e1ticamente un mensaje de texto recordatorio, un correo electr\u00f3nico de seguimiento o incluso activar una secuencia de nutrici\u00f3n para preparar al cliente para la reuni\u00f3n. Tanto si trabajas solo como si gestionas un equipo, tu calendario se convierte en tu asistente silencioso, que mantiene tu agenda llena y a tus clientes potenciales.<br \/><br \/><br \/>Se acabaron las reuniones perdidas. No m\u00e1s p\u00e9rdidas de tiempo. S\u00f3lo m\u00e1s conversaciones generadoras de ingresos, en piloto autom\u00e1tico.<\/p>\t\t\t\t\t\t\t\t<\/div>\n\t\t\t\t<\/div>\n\t\t\t\t<\/div>\n\t\t\t\t\t<\/div>\n\t\t\t\t<\/div>\n\t\t\t\t<div class=\"elementor-element elementor-element-214ba26c elementor-mobile-align-left elementor-align-center elementor-widget__width-inherit elementor-widget-tablet__width-initial elementor-widget elementor-widget-button\" data-id=\"214ba26c\" data-element_type=\"widget\" data-e-type=\"widget\" data-settings=\"{&quot;ekit_we_effect_on&quot;:&quot;none&quot;}\" data-widget_type=\"button.default\">\n\t\t\t\t<div class=\"elementor-widget-container\">\n\t\t\t\t\t\t\t\t\t<div class=\"elementor-button-wrapper\">\n\t\t\t\t\t<a class=\"elementor-button elementor-button-link elementor-size-sm\" href=\"https:\/\/corazonfinancial.com\/espanol\/corazon-media\/\">\n\t\t\t\t\t\t<span class=\"elementor-button-content-wrapper\">\n\t\t\t\t\t\t\t\t\t<span class=\"elementor-button-text\">Comenzar<\/span>\n\t\t\t\t\t<\/span>\n\t\t\t\t\t<\/a>\n\t\t\t\t<\/div>\n\t\t\t\t\t\t\t\t<\/div>\n\t\t\t\t<\/div>\n\t\t\t\t\t<\/div>\n\t\t<\/div>\n\t\t\t\t\t<\/div>\n\t\t<\/section>\n\t\t\t\t<\/div>","protected":false},"excerpt":{"rendered":"<p>Online Calendar &#038; Appointment Booking Meet More Leads &#038; Sell More \u2014 Without the Back-and-Forth Your time is valuable \u2014 [&hellip;]<\/p>\n","protected":false},"author":1,"featured_media":0,"parent":0,"menu_order":0,"comment_status":"closed","ping_status":"closed","template":"elementor_header_footer","meta":{"site-sidebar-layout":"no-sidebar","site-content-layout":"","ast-site-content-layout":"full-width-container","site-content-style":"default","site-sidebar-style":"default","ast-global-header-display":"disabled","ast-banner-title-visibility":"","ast-main-header-display":"","ast-hfb-above-header-display":"","ast-hfb-below-header-display":"","ast-hfb-mobile-header-display":"","site-post-title":"disabled","ast-breadcrumbs-content":"","ast-featured-img":"disabled","footer-sml-layout":"disabled","ast-disable-related-posts":"","theme-transparent-header-meta":"","adv-header-id-meta":"","stick-header-meta":"","header-above-stick-meta":"","header-main-stick-meta":"","header-below-stick-meta":"","astra-migrate-meta-layouts":"default","ast-page-background-enabled":"default","ast-page-background-meta":{"desktop":{"background-color":"var(--ast-global-color-5)","background-image":"","background-repeat":"repeat","background-position":"center center","background-size":"auto","background-attachment":"scroll","background-type":"","background-media":"","overlay-type":"","overlay-color":"","overlay-opacity":"","overlay-gradient":""},"tablet":{"background-color":"","background-image":"","background-repeat":"repeat","background-position":"center center","background-size":"auto","background-attachment":"scroll","background-type":"","background-media":"","overlay-type":"","overlay-color":"","overlay-opacity":"","overlay-gradient":""},"mobile":{"background-color":"","background-image":"","background-repeat":"repeat","background-position":"center center","background-size":"auto","background-attachment":"scroll","background-type":"","background-media":"","overlay-type":"","overlay-color":"","overlay-opacity":"","overlay-gradient":""}},"ast-content-background-meta":{"desktop":{"background-color":"var(--ast-global-color-4)","background-image":"","background-repeat":"repeat","background-position":"center center","background-size":"auto","background-attachment":"scroll","background-type":"","background-media":"","overlay-type":"","overlay-color":"","overlay-opacity":"","overlay-gradient":""},"tablet":{"background-color":"var(--ast-global-color-4)","background-image":"","background-repeat":"repeat","background-position":"center center","background-size":"auto","background-attachment":"scroll","background-type":"","background-media":"","overlay-type":"","overlay-color":"","overlay-opacity":"","overlay-gradient":""},"mobile":{"background-color":"var(--ast-global-color-4)","background-image":"","background-repeat":"repeat","background-position":"center center","background-size":"auto","background-attachment":"scroll","background-type":"","background-media":"","overlay-type":"","overlay-color":"","overlay-opacity":"","overlay-gradient":""}},"footnotes":""},"class_list":["post-1243","page","type-page","status-publish","hentry"],"_links":{"self":[{"href":"https:\/\/corazonfinancial.com\/espanol\/wp-json\/wp\/v2\/pages\/1243","targetHints":{"allow":["GET"]}}],"collection":[{"href":"https:\/\/corazonfinancial.com\/espanol\/wp-json\/wp\/v2\/pages"}],"about":[{"href":"https:\/\/corazonfinancial.com\/espanol\/wp-json\/wp\/v2\/types\/page"}],"author":[{"embeddable":true,"href":"https:\/\/corazonfinancial.com\/espanol\/wp-json\/wp\/v2\/users\/1"}],"replies":[{"embeddable":true,"href":"https:\/\/corazonfinancial.com\/espanol\/wp-json\/wp\/v2\/comments?post=1243"}],"version-history":[{"count":10,"href":"https:\/\/corazonfinancial.com\/espanol\/wp-json\/wp\/v2\/pages\/1243\/revisions"}],"predecessor-version":[{"id":1404,"href":"https:\/\/corazonfinancial.com\/espanol\/wp-json\/wp\/v2\/pages\/1243\/revisions\/1404"}],"wp:attachment":[{"href":"https:\/\/corazonfinancial.com\/espanol\/wp-json\/wp\/v2\/media?parent=1243"}],"curies":[{"name":"wp","href":"https:\/\/api.w.org\/{rel}","templated":true}]}}