{"id":1252,"date":"2025-05-02T15:50:01","date_gmt":"2025-05-02T22:50:01","guid":{"rendered":"https:\/\/corazonfinancial.com\/?page_id=1252"},"modified":"2025-05-05T13:52:18","modified_gmt":"2025-05-05T20:52:18","slug":"payment-invoicing","status":"publish","type":"page","link":"https:\/\/corazonfinancial.com\/espanol\/payment-invoicing\/","title":{"rendered":"Pago y facturaci\u00f3n"},"content":{"rendered":"<div data-elementor-type=\"wp-page\" data-elementor-id=\"1252\" class=\"elementor elementor-1252\" data-elementor-post-type=\"page\">\n\t\t\t\t<div class=\"elementor-element elementor-element-9769fb8 e-flex e-con-boxed e-con e-parent\" data-id=\"9769fb8\" data-element_type=\"container\" data-e-type=\"container\" data-settings=\"{&quot;background_background&quot;:&quot;classic&quot;,&quot;ekit_has_onepagescroll_dot&quot;:&quot;yes&quot;}\">\n\t\t\t\t\t<div class=\"e-con-inner\">\n\t\t\t\t<div class=\"elementor-element elementor-element-3085289 elementor-widget elementor-widget-heading\" data-id=\"3085289\" data-element_type=\"widget\" data-e-type=\"widget\" data-settings=\"{&quot;ekit_we_effect_on&quot;:&quot;none&quot;}\" data-widget_type=\"heading.default\">\n\t\t\t\t<div class=\"elementor-widget-container\">\n\t\t\t\t\t<h2 class=\"elementor-heading-title elementor-size-default\">Pago y facturaci\u00f3n\n<\/h2>\t\t\t\t<\/div>\n\t\t\t\t<\/div>\n\t\t\t\t<div class=\"elementor-element elementor-element-fd99ceb elementor-widget elementor-widget-heading\" data-id=\"fd99ceb\" data-element_type=\"widget\" data-e-type=\"widget\" data-settings=\"{&quot;ekit_we_effect_on&quot;:&quot;none&quot;}\" data-widget_type=\"heading.default\">\n\t\t\t\t<div class=\"elementor-widget-container\">\n\t\t\t\t\t<h2 class=\"elementor-heading-title elementor-size-default\">Facilite a sus clientes el pago r\u00e1pido\n\nUsted ha hecho el trabajo duro, ahora es el momento de cobrar.\n\nCon el sistema de facturaci\u00f3n y pago integrado de Corazon CRM, cobrar no supone ning\u00fan esfuerzo. Ahorrar\u00e1 tiempo, eliminar\u00e1 la necesidad de software de terceros y pondr\u00e1 su flujo de caja en piloto autom\u00e1tico, para que pueda centrarse en atender a los clientes, no en perseguir los pagos.<\/h2>\t\t\t\t<\/div>\n\t\t\t\t<\/div>\n\t\t\t\t\t<\/div>\n\t\t\t\t<\/div>\n\t\t\t\t<section class=\"elementor-section elementor-top-section elementor-element elementor-element-540b348f elementor-section-boxed elementor-section-height-default elementor-section-height-default\" data-id=\"540b348f\" data-element_type=\"section\" data-e-type=\"section\" data-settings=\"{&quot;background_background&quot;:&quot;classic&quot;,&quot;ekit_has_onepagescroll_dot&quot;:&quot;yes&quot;}\">\n\t\t\t\t\t\t\t<div class=\"elementor-background-overlay\"><\/div>\n\t\t\t\t\t\t\t<div class=\"elementor-container elementor-column-gap-default\">\n\t\t\t\t\t<div class=\"elementor-column elementor-col-100 elementor-top-column elementor-element elementor-element-5e95a392\" data-id=\"5e95a392\" data-element_type=\"column\" data-e-type=\"column\">\n\t\t\t<div class=\"elementor-widget-wrap elementor-element-populated\">\n\t\t\t\t\t\t<div class=\"elementor-element elementor-element-2741f7f3 elementor-widget__width-initial elementor-absolute elementor-widget-tablet__width-initial elementor-hidden-mobile elementor-widget elementor-widget-image\" data-id=\"2741f7f3\" data-element_type=\"widget\" data-e-type=\"widget\" data-settings=\"{&quot;_position&quot;:&quot;absolute&quot;,&quot;ekit_we_effect_on&quot;:&quot;none&quot;}\" data-widget_type=\"image.default\">\n\t\t\t\t<div class=\"elementor-widget-container\">\n\t\t\t\t\t\t\t\t\t\t\t\t\t\t\t<img decoding=\"async\" width=\"352\" height=\"24\" src=\"https:\/\/corazonfinancial.com\/wp-content\/uploads\/2025\/05\/Picture4.png\" class=\"attachment-large size-large wp-image-1138\" alt=\"\" srcset=\"https:\/\/corazonfinancial.com\/wp-content\/uploads\/2025\/05\/Picture4.png 352w, https:\/\/corazonfinancial.com\/wp-content\/uploads\/2025\/05\/Picture4-300x20.png 300w\" sizes=\"(max-width: 352px) 100vw, 352px\" \/>\t\t\t\t\t\t\t\t\t\t\t\t\t\t\t<\/div>\n\t\t\t\t<\/div>\n\t\t\t\t<div class=\"elementor-element elementor-element-77718225 elementor-widget__width-initial elementor-widget-tablet__width-initial elementor-widget elementor-widget-heading\" data-id=\"77718225\" data-element_type=\"widget\" data-e-type=\"widget\" data-settings=\"{&quot;ekit_we_effect_on&quot;:&quot;none&quot;}\" data-widget_type=\"heading.default\">\n\t\t\t\t<div class=\"elementor-widget-container\">\n\t\t\t\t\t<h2 class=\"elementor-heading-title elementor-size-default\">Env\u00ede facturas en segundos y cobre igual de r\u00e1pido\n\n<\/h2>\t\t\t\t<\/div>\n\t\t\t\t<\/div>\n\t\t\t\t<div class=\"elementor-element elementor-element-aa44147 elementor-widget elementor-widget-text-editor\" data-id=\"aa44147\" data-element_type=\"widget\" data-e-type=\"widget\" data-settings=\"{&quot;ekit_we_effect_on&quot;:&quot;none&quot;}\" data-widget_type=\"text-editor.default\">\n\t\t\t\t<div class=\"elementor-widget-container\">\n\t\t\t\t\t\t\t\t\tCrear y enviar una factura no deber\u00eda ser una tarea pesada. Con nuestro sencillo generador de facturas, puedes generar y enviar una factura profesional con tu marca en menos de 30 segundos, desde tu ordenador o desde tu tel\u00e9fono. Tanto si se trata de un proyecto puntual como de un cargo mensual recurrente, hemos conseguido que todo el proceso sea sencillo, r\u00e1pido y f\u00e1cil de usar.\n<br><br>\n\u00bfQuiere automatizar el proceso de facturaci\u00f3n? Puede configurar facturas peri\u00f3dicas, permitir que los clientes paguen autom\u00e1ticamente y enviar recordatorios de pago, todo ello sin mover un dedo. Se acabaron las b\u00fasquedas de facturas impagadas y los malabarismos con herramientas complicadas. Todo lo que necesita ya est\u00e1 integrado en su panel de control.\t\t\t\t\t\t\t\t<\/div>\n\t\t\t\t<\/div>\n\t\t<div class=\"elementor-element elementor-element-04f9a04 e-grid e-con-boxed e-con e-parent\" data-id=\"04f9a04\" data-element_type=\"container\" data-e-type=\"container\" data-settings=\"{&quot;ekit_has_onepagescroll_dot&quot;:&quot;yes&quot;}\">\n\t\t\t\t\t<div class=\"e-con-inner\">\n\t\t\t\t<div class=\"elementor-element elementor-element-74b822f elementor-widget elementor-widget-image\" data-id=\"74b822f\" data-element_type=\"widget\" data-e-type=\"widget\" data-settings=\"{&quot;ekit_we_effect_on&quot;:&quot;none&quot;}\" data-widget_type=\"image.default\">\n\t\t\t\t<div class=\"elementor-widget-container\">\n\t\t\t\t\t\t\t\t\t\t\t\t\t\t\t<img fetchpriority=\"high\" decoding=\"async\" width=\"816\" height=\"827\" src=\"https:\/\/corazonfinancial.com\/wp-content\/uploads\/2025\/05\/invoice-1.png\" class=\"attachment-large size-large wp-image-1189\" alt=\"\" srcset=\"https:\/\/corazonfinancial.com\/wp-content\/uploads\/2025\/05\/invoice-1.png 816w, https:\/\/corazonfinancial.com\/wp-content\/uploads\/2025\/05\/invoice-1-296x300.png 296w, https:\/\/corazonfinancial.com\/wp-content\/uploads\/2025\/05\/invoice-1-768x778.png 768w\" sizes=\"(max-width: 816px) 100vw, 816px\" \/>\t\t\t\t\t\t\t\t\t\t\t\t\t\t\t<\/div>\n\t\t\t\t<\/div>\n\t\t\t\t<div class=\"elementor-element elementor-element-0b22b39 elementor-widget__width-initial elementor-widget-tablet__width-initial elementor-widget elementor-widget-heading\" data-id=\"0b22b39\" data-element_type=\"widget\" data-e-type=\"widget\" data-settings=\"{&quot;ekit_we_effect_on&quot;:&quot;none&quot;}\" data-widget_type=\"heading.default\">\n\t\t\t\t<div class=\"elementor-widget-container\">\n\t\t\t\t\t<h2 class=\"elementor-heading-title elementor-size-default\">Seguimiento profesional sin mover un dedo\n<\/h2>\t\t\t\t<\/div>\n\t\t\t\t<\/div>\n\t\t\t\t\t<\/div>\n\t\t\t\t<\/div>\n\t\t<div class=\"elementor-element elementor-element-e499c15 e-grid e-con-boxed e-con e-parent\" data-id=\"e499c15\" data-element_type=\"container\" data-e-type=\"container\" data-settings=\"{&quot;ekit_has_onepagescroll_dot&quot;:&quot;yes&quot;}\">\n\t\t\t\t\t<div class=\"e-con-inner\">\n\t\t\t\t<div class=\"elementor-element elementor-element-470825c elementor-widget elementor-widget-image\" data-id=\"470825c\" data-element_type=\"widget\" data-e-type=\"widget\" data-settings=\"{&quot;ekit_we_effect_on&quot;:&quot;none&quot;}\" data-widget_type=\"image.default\">\n\t\t\t\t<div class=\"elementor-widget-container\">\n\t\t\t\t\t\t\t\t\t\t\t\t\t\t\t<img decoding=\"async\" width=\"745\" height=\"750\" src=\"https:\/\/corazonfinancial.com\/wp-content\/uploads\/2025\/05\/getpaid-1.png\" class=\"attachment-large size-large wp-image-1188\" alt=\"\" srcset=\"https:\/\/corazonfinancial.com\/wp-content\/uploads\/2025\/05\/getpaid-1.png 745w, https:\/\/corazonfinancial.com\/wp-content\/uploads\/2025\/05\/getpaid-1-298x300.png 298w, https:\/\/corazonfinancial.com\/wp-content\/uploads\/2025\/05\/getpaid-1-150x150.png 150w\" sizes=\"(max-width: 745px) 100vw, 745px\" \/>\t\t\t\t\t\t\t\t\t\t\t\t\t\t\t<\/div>\n\t\t\t\t<\/div>\n\t\t\t\t<div class=\"elementor-element elementor-element-b0a1cd2 elementor-widget elementor-widget-text-editor\" data-id=\"b0a1cd2\" data-element_type=\"widget\" data-e-type=\"widget\" data-settings=\"{&quot;ekit_we_effect_on&quot;:&quot;none&quot;}\" data-widget_type=\"text-editor.default\">\n\t\t\t\t<div class=\"elementor-widget-container\">\n\t\t\t\t\t\t\t\t\tA veces no es necesario enviar una factura, basta con cobrar. Ah\u00ed es donde entran en juego los enlaces de pago seguros. Puedes enviar instant\u00e1neamente un enlace de pago por correo electr\u00f3nico o SMS para que tu cliente pague directamente desde su tel\u00e9fono con solo unos toques.\n<br><br>\nEs r\u00e1pido, seguro y apto para m\u00f3viles. Tanto si est\u00e1s fuera como si est\u00e1s terminando una llamada, puedes generar un enlace, enviarlo al momento y recibir el pago en cuesti\u00f3n de minutos. Sin cambiar de aplicaci\u00f3n. Sin software de terceros. S\u00f3lo una experiencia profesional y fluida que facilita las cosas a sus clientes y a\u00fan m\u00e1s a usted.\n\n\t\t\t\t\t\t\t\t<\/div>\n\t\t\t\t<\/div>\n\t\t\t\t\t<\/div>\n\t\t\t\t<\/div>\n\t\t\t\t<div class=\"elementor-element elementor-element-214ba26c elementor-mobile-align-left elementor-align-center elementor-widget__width-inherit elementor-widget-tablet__width-initial elementor-widget elementor-widget-button\" data-id=\"214ba26c\" data-element_type=\"widget\" data-e-type=\"widget\" data-settings=\"{&quot;ekit_we_effect_on&quot;:&quot;none&quot;}\" data-widget_type=\"button.default\">\n\t\t\t\t<div class=\"elementor-widget-container\">\n\t\t\t\t\t\t\t\t\t<div class=\"elementor-button-wrapper\">\n\t\t\t\t\t<a class=\"elementor-button elementor-button-link elementor-size-sm\" href=\"https:\/\/corazonfinancial.com\/espanol\/corazon-media\/\">\n\t\t\t\t\t\t<span class=\"elementor-button-content-wrapper\">\n\t\t\t\t\t\t\t\t\t<span class=\"elementor-button-text\">Comenzar<\/span>\n\t\t\t\t\t<\/span>\n\t\t\t\t\t<\/a>\n\t\t\t\t<\/div>\n\t\t\t\t\t\t\t\t<\/div>\n\t\t\t\t<\/div>\n\t\t\t\t\t<\/div>\n\t\t<\/div>\n\t\t\t\t\t<\/div>\n\t\t<\/section>\n\t\t\t\t<\/div>","protected":false},"excerpt":{"rendered":"<p>Payment &#038; Invoicing Make It Easy for Your Clients to Pay You \u2014 Fast You\u2019ve done the hard work \u2014 [&hellip;]<\/p>\n","protected":false},"author":1,"featured_media":0,"parent":0,"menu_order":0,"comment_status":"closed","ping_status":"closed","template":"elementor_header_footer","meta":{"site-sidebar-layout":"no-sidebar","site-content-layout":"","ast-site-content-layout":"full-width-container","site-content-style":"default","site-sidebar-style":"default","ast-global-header-display":"disabled","ast-banner-title-visibility":"","ast-main-header-display":"","ast-hfb-above-header-display":"","ast-hfb-below-header-display":"","ast-hfb-mobile-header-display":"","site-post-title":"disabled","ast-breadcrumbs-content":"","ast-featured-img":"disabled","footer-sml-layout":"disabled","ast-disable-related-posts":"","theme-transparent-header-meta":"","adv-header-id-meta":"","stick-header-meta":"","header-above-stick-meta":"","header-main-stick-meta":"","header-below-stick-meta":"","astra-migrate-meta-layouts":"default","ast-page-background-enabled":"default","ast-page-background-meta":{"desktop":{"background-color":"var(--ast-global-color-5)","background-image":"","background-repeat":"repeat","background-position":"center center","background-size":"auto","background-attachment":"scroll","background-type":"","background-media":"","overlay-type":"","overlay-color":"","overlay-opacity":"","overlay-gradient":""},"tablet":{"background-color":"","background-image":"","background-repeat":"repeat","background-position":"center center","background-size":"auto","background-attachment":"scroll","background-type":"","background-media":"","overlay-type":"","overlay-color":"","overlay-opacity":"","overlay-gradient":""},"mobile":{"background-color":"","background-image":"","background-repeat":"repeat","background-position":"center center","background-size":"auto","background-attachment":"scroll","background-type":"","background-media":"","overlay-type":"","overlay-color":"","overlay-opacity":"","overlay-gradient":""}},"ast-content-background-meta":{"desktop":{"background-color":"var(--ast-global-color-4)","background-image":"","background-repeat":"repeat","background-position":"center center","background-size":"auto","background-attachment":"scroll","background-type":"","background-media":"","overlay-type":"","overlay-color":"","overlay-opacity":"","overlay-gradient":""},"tablet":{"background-color":"var(--ast-global-color-4)","background-image":"","background-repeat":"repeat","background-position":"center center","background-size":"auto","background-attachment":"scroll","background-type":"","background-media":"","overlay-type":"","overlay-color":"","overlay-opacity":"","overlay-gradient":""},"mobile":{"background-color":"var(--ast-global-color-4)","background-image":"","background-repeat":"repeat","background-position":"center center","background-size":"auto","background-attachment":"scroll","background-type":"","background-media":"","overlay-type":"","overlay-color":"","overlay-opacity":"","overlay-gradient":""}},"footnotes":""},"class_list":["post-1252","page","type-page","status-publish","hentry"],"_links":{"self":[{"href":"https:\/\/corazonfinancial.com\/espanol\/wp-json\/wp\/v2\/pages\/1252","targetHints":{"allow":["GET"]}}],"collection":[{"href":"https:\/\/corazonfinancial.com\/espanol\/wp-json\/wp\/v2\/pages"}],"about":[{"href":"https:\/\/corazonfinancial.com\/espanol\/wp-json\/wp\/v2\/types\/page"}],"author":[{"embeddable":true,"href":"https:\/\/corazonfinancial.com\/espanol\/wp-json\/wp\/v2\/users\/1"}],"replies":[{"embeddable":true,"href":"https:\/\/corazonfinancial.com\/espanol\/wp-json\/wp\/v2\/comments?post=1252"}],"version-history":[{"count":7,"href":"https:\/\/corazonfinancial.com\/espanol\/wp-json\/wp\/v2\/pages\/1252\/revisions"}],"predecessor-version":[{"id":1408,"href":"https:\/\/corazonfinancial.com\/espanol\/wp-json\/wp\/v2\/pages\/1252\/revisions\/1408"}],"wp:attachment":[{"href":"https:\/\/corazonfinancial.com\/espanol\/wp-json\/wp\/v2\/media?parent=1252"}],"curies":[{"name":"wp","href":"https:\/\/api.w.org\/{rel}","templated":true}]}}