{"id":1315,"date":"2025-05-05T11:04:03","date_gmt":"2025-05-05T18:04:03","guid":{"rendered":"https:\/\/corazonfinancial.com\/?page_id=1315"},"modified":"2025-05-05T13:58:45","modified_gmt":"2025-05-05T20:58:45","slug":"sms-marketing","status":"publish","type":"page","link":"https:\/\/corazonfinancial.com\/espanol\/sms-marketing\/","title":{"rendered":"Marketing por SMS"},"content":{"rendered":"<div data-elementor-type=\"wp-page\" data-elementor-id=\"1315\" class=\"elementor elementor-1315\" data-elementor-post-type=\"page\">\n\t\t\t\t<div class=\"elementor-element elementor-element-9769fb8 e-flex e-con-boxed e-con e-parent\" data-id=\"9769fb8\" data-element_type=\"container\" data-e-type=\"container\" data-settings=\"{&quot;background_background&quot;:&quot;classic&quot;,&quot;ekit_has_onepagescroll_dot&quot;:&quot;yes&quot;}\">\n\t\t\t\t\t<div class=\"e-con-inner\">\n\t\t\t\t<div class=\"elementor-element elementor-element-3085289 elementor-widget elementor-widget-heading\" data-id=\"3085289\" data-element_type=\"widget\" data-e-type=\"widget\" data-settings=\"{&quot;ekit_we_effect_on&quot;:&quot;none&quot;}\" data-widget_type=\"heading.default\">\n\t\t\t\t<div class=\"elementor-widget-container\">\n\t\t\t\t\t<h2 class=\"elementor-heading-title elementor-size-default\">Marketing por SMS\n<\/h2>\t\t\t\t<\/div>\n\t\t\t\t<\/div>\n\t\t\t\t<div class=\"elementor-element elementor-element-fd99ceb elementor-widget elementor-widget-heading\" data-id=\"fd99ceb\" data-element_type=\"widget\" data-e-type=\"widget\" data-settings=\"{&quot;ekit_we_effect_on&quot;:&quot;none&quot;}\" data-widget_type=\"heading.default\">\n\t\t\t\t<div class=\"elementor-widget-container\">\n\t\t\t\t\t<h2 class=\"elementor-heading-title elementor-size-default\">Conecte con sus clientes de forma instant\u00e1nea y personal\n\nSus clientes potenciales est\u00e1n en sus tel\u00e9fonos y, con el marketing por SMS, su mensaje tambi\u00e9n puede estarlo.\n\nCon Corazon CRM, puedes dejar de lado el ruido y conectar de t\u00fa a t\u00fa con tu audiencia mediante una comunicaci\u00f3n basada en texto y en tiempo real que parece personal, no automatizada.<\/h2>\t\t\t\t<\/div>\n\t\t\t\t<\/div>\n\t\t\t\t\t<\/div>\n\t\t\t\t<\/div>\n\t\t\t\t<section class=\"elementor-section elementor-top-section elementor-element elementor-element-540b348f elementor-section-boxed elementor-section-height-default elementor-section-height-default\" data-id=\"540b348f\" data-element_type=\"section\" data-e-type=\"section\" data-settings=\"{&quot;background_background&quot;:&quot;classic&quot;,&quot;ekit_has_onepagescroll_dot&quot;:&quot;yes&quot;}\">\n\t\t\t\t\t\t\t<div class=\"elementor-background-overlay\"><\/div>\n\t\t\t\t\t\t\t<div class=\"elementor-container elementor-column-gap-default\">\n\t\t\t\t\t<div class=\"elementor-column elementor-col-100 elementor-top-column elementor-element elementor-element-5e95a392\" data-id=\"5e95a392\" data-element_type=\"column\" data-e-type=\"column\">\n\t\t\t<div class=\"elementor-widget-wrap elementor-element-populated\">\n\t\t\t\t\t\t<div class=\"elementor-element elementor-element-2741f7f3 elementor-widget__width-initial elementor-absolute elementor-widget-tablet__width-initial elementor-hidden-mobile elementor-widget elementor-widget-image\" data-id=\"2741f7f3\" data-element_type=\"widget\" data-e-type=\"widget\" data-settings=\"{&quot;_position&quot;:&quot;absolute&quot;,&quot;ekit_we_effect_on&quot;:&quot;none&quot;}\" data-widget_type=\"image.default\">\n\t\t\t\t<div class=\"elementor-widget-container\">\n\t\t\t\t\t\t\t\t\t\t\t\t\t\t\t<img decoding=\"async\" width=\"352\" height=\"24\" src=\"https:\/\/corazonfinancial.com\/wp-content\/uploads\/2025\/05\/Picture4.png\" class=\"attachment-large size-large wp-image-1138\" alt=\"\" srcset=\"https:\/\/corazonfinancial.com\/wp-content\/uploads\/2025\/05\/Picture4.png 352w, https:\/\/corazonfinancial.com\/wp-content\/uploads\/2025\/05\/Picture4-300x20.png 300w\" sizes=\"(max-width: 352px) 100vw, 352px\" \/>\t\t\t\t\t\t\t\t\t\t\t\t\t\t\t<\/div>\n\t\t\t\t<\/div>\n\t\t\t\t<div class=\"elementor-element elementor-element-77718225 elementor-widget__width-initial elementor-widget-tablet__width-initial elementor-widget elementor-widget-heading\" data-id=\"77718225\" data-element_type=\"widget\" data-e-type=\"widget\" data-settings=\"{&quot;ekit_we_effect_on&quot;:&quot;none&quot;}\" data-widget_type=\"heading.default\">\n\t\t\t\t<div class=\"elementor-widget-container\">\n\t\t\t\t\t<h2 class=\"elementor-heading-title elementor-size-default\">Llegar a las personas adecuadas en el momento oportuno\n\n<\/h2>\t\t\t\t<\/div>\n\t\t\t\t<\/div>\n\t\t\t\t<div class=\"elementor-element elementor-element-aa44147 elementor-widget elementor-widget-text-editor\" data-id=\"aa44147\" data-element_type=\"widget\" data-e-type=\"widget\" data-settings=\"{&quot;ekit_we_effect_on&quot;:&quot;none&quot;}\" data-widget_type=\"text-editor.default\">\n\t\t\t\t<div class=\"elementor-widget-container\">\n\t\t\t\t\t\t\t\t\tLos mensajes de texto tienen una tasa de apertura de 98%, y la mayor\u00eda se leen en cuesti\u00f3n de minutos. Por eso el marketing por SMS es una de las herramientas m\u00e1s potentes que puedes utilizar para aumentar la participaci\u00f3n, convertir clientes potenciales e impulsar ventas r\u00e1pidas.\n<br><br>\nCon nuestras herramientas de SMS integradas, puede enviar mensajes personalizados, recordatorios de citas, seguimientos y promociones, todo desde la misma plataforma desde la que gestiona sus contactos, llamadas y correos electr\u00f3nicos. Cada conversaci\u00f3n est\u00e1 vinculada a tu CRM, para que puedas ver el recorrido completo del cliente y mantener el di\u00e1logo sin interrupciones.\n<br><br>\nTanto si se trata del seguimiento de una llamada perdida como del env\u00edo de una oferta por tiempo limitado, los SMS le ofrecen una l\u00ednea directa con sus clientes y una ventaja sobre la competencia.\t\t\t\t\t\t\t\t<\/div>\n\t\t\t\t<\/div>\n\t\t<div class=\"elementor-element elementor-element-04f9a04 e-grid e-con-boxed e-con e-parent\" data-id=\"04f9a04\" data-element_type=\"container\" data-e-type=\"container\" data-settings=\"{&quot;ekit_has_onepagescroll_dot&quot;:&quot;yes&quot;}\">\n\t\t\t\t\t<div class=\"e-con-inner\">\n\t\t\t\t<div class=\"elementor-element elementor-element-74b822f elementor-widget elementor-widget-image\" data-id=\"74b822f\" data-element_type=\"widget\" data-e-type=\"widget\" data-settings=\"{&quot;ekit_we_effect_on&quot;:&quot;none&quot;}\" data-widget_type=\"image.default\">\n\t\t\t\t<div class=\"elementor-widget-container\">\n\t\t\t\t\t\t\t\t\t\t\t\t\t\t\t<img fetchpriority=\"high\" decoding=\"async\" width=\"891\" height=\"861\" src=\"https:\/\/corazonfinancial.com\/wp-content\/uploads\/2025\/05\/smsmarketing-1.png\" class=\"attachment-large size-large wp-image-1197\" alt=\"\" srcset=\"https:\/\/corazonfinancial.com\/wp-content\/uploads\/2025\/05\/smsmarketing-1.png 891w, https:\/\/corazonfinancial.com\/wp-content\/uploads\/2025\/05\/smsmarketing-1-300x290.png 300w, https:\/\/corazonfinancial.com\/wp-content\/uploads\/2025\/05\/smsmarketing-1-768x742.png 768w\" sizes=\"(max-width: 891px) 100vw, 891px\" \/>\t\t\t\t\t\t\t\t\t\t\t\t\t\t\t<\/div>\n\t\t\t\t<\/div>\n\t\t<div class=\"elementor-element elementor-element-88c5cb7 e-con-full e-flex e-con e-child\" data-id=\"88c5cb7\" data-element_type=\"container\" data-e-type=\"container\" data-settings=\"{&quot;ekit_has_onepagescroll_dot&quot;:&quot;yes&quot;}\">\n\t\t\t\t<div class=\"elementor-element elementor-element-e54eca8 elementor-widget__width-initial elementor-widget-tablet__width-initial elementor-widget elementor-widget-heading\" data-id=\"e54eca8\" data-element_type=\"widget\" data-e-type=\"widget\" data-settings=\"{&quot;ekit_we_effect_on&quot;:&quot;none&quot;}\" data-widget_type=\"heading.default\">\n\t\t\t\t<div class=\"elementor-widget-container\">\n\t\t\t\t\t<h2 class=\"elementor-heading-title elementor-size-default\">Conversaciones reales. Conversiones reales.<\/h2>\t\t\t\t<\/div>\n\t\t\t\t<\/div>\n\t\t\t\t<div class=\"elementor-element elementor-element-1617f2f elementor-widget elementor-widget-text-editor\" data-id=\"1617f2f\" data-element_type=\"widget\" data-e-type=\"widget\" data-settings=\"{&quot;ekit_we_effect_on&quot;:&quot;none&quot;}\" data-widget_type=\"text-editor.default\">\n\t\t\t\t<div class=\"elementor-widget-container\">\n\t\t\t\t\t\t\t\t\tLos SMS no s\u00f3lo sirven para enviar promociones, sino tambi\u00e9n para entablar relaciones. Con nuestra plataforma, puedes mantener conversaciones 1 a 1 que hagan que tus clientes potenciales se sientan vistos y escuchados. Responde en tiempo real desde tu ordenador o aplicaci\u00f3n m\u00f3vil, personaliza tus respuestas y mant\u00e9n un tono humano, no rob\u00f3tico.\n<br><br>\n\u00bfQuiere impulsar la acci\u00f3n? Utiliza la mensajer\u00eda de texto para enviar recordatorios de eventos, pedir opiniones, ofrecer ofertas especiales o volver a captar clientes potenciales que no hayan respondido a correos electr\u00f3nicos. Incluso puedes activar secuencias automatizadas de SMS en funci\u00f3n del comportamiento o de retrasos temporales, para que tu mensaje llegue siempre en el momento adecuado.\n<br><br>\nCon Corazon CRM, el marketing por SMS se convierte en algo m\u00e1s que una funci\u00f3n: se convierte en una estrategia que impulsa la conexi\u00f3n, la fidelidad y el crecimiento.\t\t\t\t\t\t\t\t<\/div>\n\t\t\t\t<\/div>\n\t\t\t\t<\/div>\n\t\t\t\t\t<\/div>\n\t\t\t\t<\/div>\n\t\t\t\t<div class=\"elementor-element elementor-element-214ba26c elementor-mobile-align-left elementor-align-center elementor-widget__width-inherit elementor-widget-tablet__width-initial elementor-widget elementor-widget-button\" data-id=\"214ba26c\" data-element_type=\"widget\" data-e-type=\"widget\" data-settings=\"{&quot;ekit_we_effect_on&quot;:&quot;none&quot;}\" data-widget_type=\"button.default\">\n\t\t\t\t<div class=\"elementor-widget-container\">\n\t\t\t\t\t\t\t\t\t<div class=\"elementor-button-wrapper\">\n\t\t\t\t\t<a class=\"elementor-button elementor-button-link elementor-size-sm\" href=\"https:\/\/corazonfinancial.com\/espanol\/corazon-media\/\">\n\t\t\t\t\t\t<span class=\"elementor-button-content-wrapper\">\n\t\t\t\t\t\t\t\t\t<span class=\"elementor-button-text\">Comenzar<\/span>\n\t\t\t\t\t<\/span>\n\t\t\t\t\t<\/a>\n\t\t\t\t<\/div>\n\t\t\t\t\t\t\t\t<\/div>\n\t\t\t\t<\/div>\n\t\t\t\t\t<\/div>\n\t\t<\/div>\n\t\t\t\t\t<\/div>\n\t\t<\/section>\n\t\t\t\t<\/div>","protected":false},"excerpt":{"rendered":"<p>SMS Marketing Connect with Clients Instantly \u2014 and Personally Your leads are on their phones \u2014 and with SMS marketing, [&hellip;]<\/p>\n","protected":false},"author":1,"featured_media":0,"parent":0,"menu_order":0,"comment_status":"closed","ping_status":"closed","template":"elementor_header_footer","meta":{"site-sidebar-layout":"no-sidebar","site-content-layout":"","ast-site-content-layout":"full-width-container","site-content-style":"default","site-sidebar-style":"default","ast-global-header-display":"disabled","ast-banner-title-visibility":"","ast-main-header-display":"","ast-hfb-above-header-display":"","ast-hfb-below-header-display":"","ast-hfb-mobile-header-display":"","site-post-title":"disabled","ast-breadcrumbs-content":"","ast-featured-img":"disabled","footer-sml-layout":"disabled","ast-disable-related-posts":"","theme-transparent-header-meta":"","adv-header-id-meta":"","stick-header-meta":"","header-above-stick-meta":"","header-main-stick-meta":"","header-below-stick-meta":"","astra-migrate-meta-layouts":"default","ast-page-background-enabled":"default","ast-page-background-meta":{"desktop":{"background-color":"var(--ast-global-color-5)","background-image":"","background-repeat":"repeat","background-position":"center center","background-size":"auto","background-attachment":"scroll","background-type":"","background-media":"","overlay-type":"","overlay-color":"","overlay-opacity":"","overlay-gradient":""},"tablet":{"background-color":"","background-image":"","background-repeat":"repeat","background-position":"center center","background-size":"auto","background-attachment":"scroll","background-type":"","background-media":"","overlay-type":"","overlay-color":"","overlay-opacity":"","overlay-gradient":""},"mobile":{"background-color":"","background-image":"","background-repeat":"repeat","background-position":"center center","background-size":"auto","background-attachment":"scroll","background-type":"","background-media":"","overlay-type":"","overlay-color":"","overlay-opacity":"","overlay-gradient":""}},"ast-content-background-meta":{"desktop":{"background-color":"var(--ast-global-color-4)","background-image":"","background-repeat":"repeat","background-position":"center center","background-size":"auto","background-attachment":"scroll","background-type":"","background-media":"","overlay-type":"","overlay-color":"","overlay-opacity":"","overlay-gradient":""},"tablet":{"background-color":"var(--ast-global-color-4)","background-image":"","background-repeat":"repeat","background-position":"center center","background-size":"auto","background-attachment":"scroll","background-type":"","background-media":"","overlay-type":"","overlay-color":"","overlay-opacity":"","overlay-gradient":""},"mobile":{"background-color":"var(--ast-global-color-4)","background-image":"","background-repeat":"repeat","background-position":"center center","background-size":"auto","background-attachment":"scroll","background-type":"","background-media":"","overlay-type":"","overlay-color":"","overlay-opacity":"","overlay-gradient":""}},"footnotes":""},"class_list":["post-1315","page","type-page","status-publish","hentry"],"_links":{"self":[{"href":"https:\/\/corazonfinancial.com\/espanol\/wp-json\/wp\/v2\/pages\/1315","targetHints":{"allow":["GET"]}}],"collection":[{"href":"https:\/\/corazonfinancial.com\/espanol\/wp-json\/wp\/v2\/pages"}],"about":[{"href":"https:\/\/corazonfinancial.com\/espanol\/wp-json\/wp\/v2\/types\/page"}],"author":[{"embeddable":true,"href":"https:\/\/corazonfinancial.com\/espanol\/wp-json\/wp\/v2\/users\/1"}],"replies":[{"embeddable":true,"href":"https:\/\/corazonfinancial.com\/espanol\/wp-json\/wp\/v2\/comments?post=1315"}],"version-history":[{"count":7,"href":"https:\/\/corazonfinancial.com\/espanol\/wp-json\/wp\/v2\/pages\/1315\/revisions"}],"predecessor-version":[{"id":1424,"href":"https:\/\/corazonfinancial.com\/espanol\/wp-json\/wp\/v2\/pages\/1315\/revisions\/1424"}],"wp:attachment":[{"href":"https:\/\/corazonfinancial.com\/espanol\/wp-json\/wp\/v2\/media?parent=1315"}],"curies":[{"name":"wp","href":"https:\/\/api.w.org\/{rel}","templated":true}]}}