{"id":1323,"date":"2025-05-05T11:06:52","date_gmt":"2025-05-05T18:06:52","guid":{"rendered":"https:\/\/corazonfinancial.com\/?page_id=1323"},"modified":"2025-05-05T13:45:34","modified_gmt":"2025-05-05T20:45:34","slug":"automated-tasks","status":"publish","type":"page","link":"https:\/\/corazonfinancial.com\/espanol\/automated-tasks\/","title":{"rendered":"Tareas automatizadas"},"content":{"rendered":"<div data-elementor-type=\"wp-page\" data-elementor-id=\"1323\" class=\"elementor elementor-1323\" data-elementor-post-type=\"page\">\n\t\t\t\t<div class=\"elementor-element elementor-element-9769fb8 e-flex e-con-boxed e-con e-parent\" data-id=\"9769fb8\" data-element_type=\"container\" data-e-type=\"container\" data-settings=\"{&quot;background_background&quot;:&quot;classic&quot;,&quot;ekit_has_onepagescroll_dot&quot;:&quot;yes&quot;}\">\n\t\t\t\t\t<div class=\"e-con-inner\">\n\t\t\t\t<div class=\"elementor-element elementor-element-3085289 elementor-widget elementor-widget-heading\" data-id=\"3085289\" data-element_type=\"widget\" data-e-type=\"widget\" data-settings=\"{&quot;ekit_we_effect_on&quot;:&quot;none&quot;}\" data-widget_type=\"heading.default\">\n\t\t\t\t<div class=\"elementor-widget-container\">\n\t\t\t\t\t<h2 class=\"elementor-heading-title elementor-size-default\">Tareas automatizadas\n<\/h2>\t\t\t\t<\/div>\n\t\t\t\t<\/div>\n\t\t\t\t<div class=\"elementor-element elementor-element-fd99ceb elementor-widget elementor-widget-heading\" data-id=\"fd99ceb\" data-element_type=\"widget\" data-e-type=\"widget\" data-settings=\"{&quot;ekit_we_effect_on&quot;:&quot;none&quot;}\" data-widget_type=\"heading.default\">\n\t\t\t\t<div class=\"elementor-widget-container\">\n\t\t\t\t\t<h2 class=\"elementor-heading-title elementor-size-default\">Nunca dejes escapar una oportunidad\n\nDirigir una empresa significa hacer malabarismos con muchas cosas: clientes potenciales, citas, seguimientos, recordatorios y todo lo dem\u00e1s.\n\nCon Corazon CRM, lo simplificamos todo automatizando las peque\u00f1as (pero cr\u00edticas) tareas que mantienen tu proceso de ventas en movimiento y a tus clientes comprometidos.<\/h2>\t\t\t\t<\/div>\n\t\t\t\t<\/div>\n\t\t\t\t\t<\/div>\n\t\t\t\t<\/div>\n\t\t\t\t<section class=\"elementor-section elementor-top-section elementor-element elementor-element-540b348f elementor-section-boxed elementor-section-height-default elementor-section-height-default\" data-id=\"540b348f\" data-element_type=\"section\" data-e-type=\"section\" data-settings=\"{&quot;background_background&quot;:&quot;classic&quot;,&quot;ekit_has_onepagescroll_dot&quot;:&quot;yes&quot;}\">\n\t\t\t\t\t\t\t<div class=\"elementor-background-overlay\"><\/div>\n\t\t\t\t\t\t\t<div class=\"elementor-container elementor-column-gap-default\">\n\t\t\t\t\t<div class=\"elementor-column elementor-col-100 elementor-top-column elementor-element elementor-element-5e95a392\" data-id=\"5e95a392\" data-element_type=\"column\" data-e-type=\"column\">\n\t\t\t<div class=\"elementor-widget-wrap elementor-element-populated\">\n\t\t\t\t\t\t<div class=\"elementor-element elementor-element-2741f7f3 elementor-widget__width-initial elementor-absolute elementor-widget-tablet__width-initial elementor-hidden-mobile elementor-widget elementor-widget-image\" data-id=\"2741f7f3\" data-element_type=\"widget\" data-e-type=\"widget\" data-settings=\"{&quot;_position&quot;:&quot;absolute&quot;,&quot;ekit_we_effect_on&quot;:&quot;none&quot;}\" data-widget_type=\"image.default\">\n\t\t\t\t<div class=\"elementor-widget-container\">\n\t\t\t\t\t\t\t\t\t\t\t\t\t\t\t<img decoding=\"async\" width=\"352\" height=\"24\" src=\"https:\/\/corazonfinancial.com\/wp-content\/uploads\/2025\/05\/Picture4.png\" class=\"attachment-large size-large wp-image-1138\" alt=\"\" srcset=\"https:\/\/corazonfinancial.com\/wp-content\/uploads\/2025\/05\/Picture4.png 352w, https:\/\/corazonfinancial.com\/wp-content\/uploads\/2025\/05\/Picture4-300x20.png 300w\" sizes=\"(max-width: 352px) 100vw, 352px\" \/>\t\t\t\t\t\t\t\t\t\t\t\t\t\t\t<\/div>\n\t\t\t\t<\/div>\n\t\t\t\t<div class=\"elementor-element elementor-element-77718225 elementor-widget__width-initial elementor-widget-tablet__width-initial elementor-widget elementor-widget-heading\" data-id=\"77718225\" data-element_type=\"widget\" data-e-type=\"widget\" data-settings=\"{&quot;ekit_we_effect_on&quot;:&quot;none&quot;}\" data-widget_type=\"heading.default\">\n\t\t\t\t<div class=\"elementor-widget-container\">\n\t\t\t\t\t<h2 class=\"elementor-heading-title elementor-size-default\">Seguimiento como un ser humano, sin hacerlo manualmente\n\n<\/h2>\t\t\t\t<\/div>\n\t\t\t\t<\/div>\n\t\t\t\t<div class=\"elementor-element elementor-element-aa44147 elementor-widget elementor-widget-text-editor\" data-id=\"aa44147\" data-element_type=\"widget\" data-e-type=\"widget\" data-settings=\"{&quot;ekit_we_effect_on&quot;:&quot;none&quot;}\" data-widget_type=\"text-editor.default\">\n\t\t\t\t<div class=\"elementor-widget-container\">\n\t\t\t\t\t\t\t\t\tEl seguimiento es esencial, pero \u00bfhacerlo manualmente cada vez? Ah\u00ed es donde se pierden los clientes potenciales. Con las tareas automatizadas, puede mantenerse al d\u00eda sin tener que comprobar constantemente su lista de tareas pendientes. Nuestra plataforma le permite programar y enviar mensajes de seguimiento personalizados que suenan naturales y aut\u00e9nticos, para que sus clientes potenciales se sientan atendidos, no bombardeados.\n<br><br>\nActive correos electr\u00f3nicos, mensajes de texto o incluso asignaciones de tareas en funci\u00f3n del comportamiento de los clientes potenciales, las reservas de citas o los env\u00edos de formularios. Puedes establecer recordatorios para hacer check-in, asignar llamadas a tu equipo o enviar un peque\u00f1o aviso a un cliente que no ha respondido, todo ello sin mover un dedo.\n<br><br>\nCada automatizaci\u00f3n mantiene su tuber\u00eda caliente y su proceso funcionando sin problemas, 24 horas al d\u00eda, 7 d\u00edas a la semana.\t\t\t\t\t\t\t\t<\/div>\n\t\t\t\t<\/div>\n\t\t<div class=\"elementor-element elementor-element-04f9a04 e-grid e-con-boxed e-con e-parent\" data-id=\"04f9a04\" data-element_type=\"container\" data-e-type=\"container\" data-settings=\"{&quot;ekit_has_onepagescroll_dot&quot;:&quot;yes&quot;}\">\n\t\t\t\t\t<div class=\"e-con-inner\">\n\t\t\t\t<div class=\"elementor-element elementor-element-74b822f elementor-widget elementor-widget-image\" data-id=\"74b822f\" data-element_type=\"widget\" data-e-type=\"widget\" data-settings=\"{&quot;ekit_we_effect_on&quot;:&quot;none&quot;}\" data-widget_type=\"image.default\">\n\t\t\t\t<div class=\"elementor-widget-container\">\n\t\t\t\t\t\t\t\t\t\t\t\t\t\t\t<img fetchpriority=\"high\" decoding=\"async\" width=\"746\" height=\"766\" src=\"https:\/\/corazonfinancial.com\/wp-content\/uploads\/2025\/05\/automatedtasks-1.png\" class=\"attachment-large size-large wp-image-1179\" alt=\"\" srcset=\"https:\/\/corazonfinancial.com\/wp-content\/uploads\/2025\/05\/automatedtasks-1.png 746w, https:\/\/corazonfinancial.com\/wp-content\/uploads\/2025\/05\/automatedtasks-1-292x300.png 292w\" sizes=\"(max-width: 746px) 100vw, 746px\" \/>\t\t\t\t\t\t\t\t\t\t\t\t\t\t\t<\/div>\n\t\t\t\t<\/div>\n\t\t<div class=\"elementor-element elementor-element-88c5cb7 e-con-full e-flex e-con e-child\" data-id=\"88c5cb7\" data-element_type=\"container\" data-e-type=\"container\" data-settings=\"{&quot;ekit_has_onepagescroll_dot&quot;:&quot;yes&quot;}\">\n\t\t\t\t<div class=\"elementor-element elementor-element-e54eca8 elementor-widget__width-initial elementor-widget-tablet__width-initial elementor-widget elementor-widget-heading\" data-id=\"e54eca8\" data-element_type=\"widget\" data-e-type=\"widget\" data-settings=\"{&quot;ekit_we_effect_on&quot;:&quot;none&quot;}\" data-widget_type=\"heading.default\">\n\t\t\t\t<div class=\"elementor-widget-container\">\n\t\t\t\t\t<h2 class=\"elementor-heading-title elementor-size-default\">Organ\u00edcese y controle cada relaci\u00f3n<\/h2>\t\t\t\t<\/div>\n\t\t\t\t<\/div>\n\t\t\t\t<div class=\"elementor-element elementor-element-1617f2f elementor-widget elementor-widget-text-editor\" data-id=\"1617f2f\" data-element_type=\"widget\" data-e-type=\"widget\" data-settings=\"{&quot;ekit_we_effect_on&quot;:&quot;none&quot;}\" data-widget_type=\"text-editor.default\">\n\t\t\t\t<div class=\"elementor-widget-container\">\n\t\t\t\t\t\t\t\t\tDetr\u00e1s de cada oportunidad hay una historia, y no deber\u00eda tener que buscar en correos electr\u00f3nicos o notas adhesivas para recordarla. Nuestro sistema de tareas conectado a CRM le permite hacer un seguimiento de todo en un solo lugar. Tome notas durante las llamadas, establezca recordatorios para acciones futuras y vincule cada tarea a un contacto para saber siempre qu\u00e9 es lo siguiente.\n<br><br>\n\u00bfNecesitas preparar una llamada de seguimiento? Las notas, los mensajes y el historial ya est\u00e1n ah\u00ed. \u00bfQuiere volver a contactar con un cliente potencial? Basta con consultar la lista de tareas y ponerse en contacto con confianza.\n<br><br>\nCon Corazon CRM, tu equipo se mantiene alineado, tu proceso se mantiene ajustado y ning\u00fan cliente potencial se queda atr\u00e1s, porque el sistema trabaja para ti, incluso cuando est\u00e1s ocupado trabajando en el panorama general.\t\t\t\t\t\t\t\t<\/div>\n\t\t\t\t<\/div>\n\t\t\t\t<\/div>\n\t\t\t\t\t<\/div>\n\t\t\t\t<\/div>\n\t\t\t\t<div class=\"elementor-element elementor-element-214ba26c elementor-mobile-align-left elementor-align-center elementor-widget__width-inherit elementor-widget-tablet__width-initial elementor-widget elementor-widget-button\" data-id=\"214ba26c\" data-element_type=\"widget\" data-e-type=\"widget\" data-settings=\"{&quot;ekit_we_effect_on&quot;:&quot;none&quot;}\" data-widget_type=\"button.default\">\n\t\t\t\t<div class=\"elementor-widget-container\">\n\t\t\t\t\t\t\t\t\t<div class=\"elementor-button-wrapper\">\n\t\t\t\t\t<a class=\"elementor-button elementor-button-link elementor-size-sm\" href=\"https:\/\/corazonfinancial.com\/espanol\/corazon-media\/\">\n\t\t\t\t\t\t<span class=\"elementor-button-content-wrapper\">\n\t\t\t\t\t\t\t\t\t<span class=\"elementor-button-text\">Comenzar<\/span>\n\t\t\t\t\t<\/span>\n\t\t\t\t\t<\/a>\n\t\t\t\t<\/div>\n\t\t\t\t\t\t\t\t<\/div>\n\t\t\t\t<\/div>\n\t\t\t\t\t<\/div>\n\t\t<\/div>\n\t\t\t\t\t<\/div>\n\t\t<\/section>\n\t\t\t\t<\/div>","protected":false},"excerpt":{"rendered":"<p>Automated Tasks Never Let an Opportunity Slip Through the Cracks Running a business means juggling a lot \u2014 leads, appointments, [&hellip;]<\/p>\n","protected":false},"author":1,"featured_media":0,"parent":0,"menu_order":0,"comment_status":"closed","ping_status":"closed","template":"elementor_header_footer","meta":{"site-sidebar-layout":"no-sidebar","site-content-layout":"","ast-site-content-layout":"full-width-container","site-content-style":"default","site-sidebar-style":"default","ast-global-header-display":"disabled","ast-banner-title-visibility":"","ast-main-header-display":"","ast-hfb-above-header-display":"","ast-hfb-below-header-display":"","ast-hfb-mobile-header-display":"","site-post-title":"disabled","ast-breadcrumbs-content":"","ast-featured-img":"disabled","footer-sml-layout":"disabled","ast-disable-related-posts":"","theme-transparent-header-meta":"","adv-header-id-meta":"","stick-header-meta":"","header-above-stick-meta":"","header-main-stick-meta":"","header-below-stick-meta":"","astra-migrate-meta-layouts":"default","ast-page-background-enabled":"default","ast-page-background-meta":{"desktop":{"background-color":"var(--ast-global-color-5)","background-image":"","background-repeat":"repeat","background-position":"center center","background-size":"auto","background-attachment":"scroll","background-type":"","background-media":"","overlay-type":"","overlay-color":"","overlay-opacity":"","overlay-gradient":""},"tablet":{"background-color":"","background-image":"","background-repeat":"repeat","background-position":"center center","background-size":"auto","background-attachment":"scroll","background-type":"","background-media":"","overlay-type":"","overlay-color":"","overlay-opacity":"","overlay-gradient":""},"mobile":{"background-color":"","background-image":"","background-repeat":"repeat","background-position":"center center","background-size":"auto","background-attachment":"scroll","background-type":"","background-media":"","overlay-type":"","overlay-color":"","overlay-opacity":"","overlay-gradient":""}},"ast-content-background-meta":{"desktop":{"background-color":"var(--ast-global-color-4)","background-image":"","background-repeat":"repeat","background-position":"center center","background-size":"auto","background-attachment":"scroll","background-type":"","background-media":"","overlay-type":"","overlay-color":"","overlay-opacity":"","overlay-gradient":""},"tablet":{"background-color":"var(--ast-global-color-4)","background-image":"","background-repeat":"repeat","background-position":"center center","background-size":"auto","background-attachment":"scroll","background-type":"","background-media":"","overlay-type":"","overlay-color":"","overlay-opacity":"","overlay-gradient":""},"mobile":{"background-color":"var(--ast-global-color-4)","background-image":"","background-repeat":"repeat","background-position":"center center","background-size":"auto","background-attachment":"scroll","background-type":"","background-media":"","overlay-type":"","overlay-color":"","overlay-opacity":"","overlay-gradient":""}},"footnotes":""},"class_list":["post-1323","page","type-page","status-publish","hentry"],"_links":{"self":[{"href":"https:\/\/corazonfinancial.com\/espanol\/wp-json\/wp\/v2\/pages\/1323","targetHints":{"allow":["GET"]}}],"collection":[{"href":"https:\/\/corazonfinancial.com\/espanol\/wp-json\/wp\/v2\/pages"}],"about":[{"href":"https:\/\/corazonfinancial.com\/espanol\/wp-json\/wp\/v2\/types\/page"}],"author":[{"embeddable":true,"href":"https:\/\/corazonfinancial.com\/espanol\/wp-json\/wp\/v2\/users\/1"}],"replies":[{"embeddable":true,"href":"https:\/\/corazonfinancial.com\/espanol\/wp-json\/wp\/v2\/comments?post=1323"}],"version-history":[{"count":7,"href":"https:\/\/corazonfinancial.com\/espanol\/wp-json\/wp\/v2\/pages\/1323\/revisions"}],"predecessor-version":[{"id":1387,"href":"https:\/\/corazonfinancial.com\/espanol\/wp-json\/wp\/v2\/pages\/1323\/revisions\/1387"}],"wp:attachment":[{"href":"https:\/\/corazonfinancial.com\/espanol\/wp-json\/wp\/v2\/media?parent=1323"}],"curies":[{"name":"wp","href":"https:\/\/api.w.org\/{rel}","templated":true}]}}